{"id":2178,"date":"2023-12-27T07:58:56","date_gmt":"2023-12-27T07:58:56","guid":{"rendered":"https:\/\/cyclades-shine.gr\/privacy-policy-2\/"},"modified":"2024-01-09T10:30:26","modified_gmt":"2024-01-09T10:30:26","slug":"privacy-policy-2","status":"publish","type":"page","link":"https:\/\/santorini-signature-tours.gr\/pl\/privacy-policy-2\/","title":{"rendered":"Privacy policy"},"content":{"rendered":"\t\t<div data-elementor-type=\"wp-page\" data-elementor-id=\"2178\" class=\"elementor elementor-2178 elementor-889\" data-elementor-post-type=\"page\">\n\t\t\t\t\t\t\t<div class=\"elementor-element elementor-element-047dcd1 e-flex e-con-boxed e-con e-parent\" data-id=\"047dcd1\" data-element_type=\"container\" data-settings=\"{&quot;content_width&quot;:&quot;boxed&quot;}\" data-core-v316-plus=\"true\">\n\t\t\t\t\t<div class=\"e-con-inner\">\n\t\t\t\t<div class=\"elementor-element elementor-element-67275d0 elementor-widget elementor-widget-spacer\" data-id=\"67275d0\" data-element_type=\"widget\" data-widget_type=\"spacer.default\">\n\t\t\t\t<div class=\"elementor-widget-container\">\n\t\t\t<style>\/*! elementor - v3.18.0 - 20-12-2023 *\/\n.elementor-column .elementor-spacer-inner{height:var(--spacer-size)}.e-con{--container-widget-width:100%}.e-con-inner>.elementor-widget-spacer,.e-con>.elementor-widget-spacer{width:var(--container-widget-width,var(--spacer-size));--align-self:var(--container-widget-align-self,initial);--flex-shrink:0}.e-con-inner>.elementor-widget-spacer>.elementor-widget-container,.e-con>.elementor-widget-spacer>.elementor-widget-container{height:100%;width:100%}.e-con-inner>.elementor-widget-spacer>.elementor-widget-container>.elementor-spacer,.e-con>.elementor-widget-spacer>.elementor-widget-container>.elementor-spacer{height:100%}.e-con-inner>.elementor-widget-spacer>.elementor-widget-container>.elementor-spacer>.elementor-spacer-inner,.e-con>.elementor-widget-spacer>.elementor-widget-container>.elementor-spacer>.elementor-spacer-inner{height:var(--container-widget-height,var(--spacer-size))}.e-con-inner>.elementor-widget-spacer.elementor-widget-empty,.e-con>.elementor-widget-spacer.elementor-widget-empty{position:relative;min-height:22px;min-width:22px}.e-con-inner>.elementor-widget-spacer.elementor-widget-empty .elementor-widget-empty-icon,.e-con>.elementor-widget-spacer.elementor-widget-empty .elementor-widget-empty-icon{position:absolute;top:0;bottom:0;left:0;right:0;margin:auto;padding:0;width:22px;height:22px}<\/style>\t\t<div class=\"elementor-spacer\">\n\t\t\t<div class=\"elementor-spacer-inner\"><\/div>\n\t\t<\/div>\n\t\t\t\t<\/div>\n\t\t\t\t<\/div>\n\t\t\t\t<div class=\"elementor-element elementor-element-5b42922 elementor-widget elementor-widget-heading\" data-id=\"5b42922\" data-element_type=\"widget\" data-widget_type=\"heading.default\">\n\t\t\t\t<div class=\"elementor-widget-container\">\n\t\t\t<style>\/*! elementor - v3.18.0 - 20-12-2023 *\/\n.elementor-heading-title{padding:0;margin:0;line-height:1}.elementor-widget-heading .elementor-heading-title[class*=elementor-size-]>a{color:inherit;font-size:inherit;line-height:inherit}.elementor-widget-heading .elementor-heading-title.elementor-size-small{font-size:15px}.elementor-widget-heading .elementor-heading-title.elementor-size-medium{font-size:19px}.elementor-widget-heading .elementor-heading-title.elementor-size-large{font-size:29px}.elementor-widget-heading .elementor-heading-title.elementor-size-xl{font-size:39px}.elementor-widget-heading .elementor-heading-title.elementor-size-xxl{font-size:59px}<\/style><h2 class=\"elementor-heading-title elementor-size-default\">Polityka Prywatno\u015bci<\/h2>\t\t<\/div>\n\t\t\t\t<\/div>\n\t\t\t\t<div class=\"elementor-element elementor-element-0873ca6 elementor-widget elementor-widget-text-editor\" data-id=\"0873ca6\" data-element_type=\"widget\" data-widget_type=\"text-editor.default\">\n\t\t\t\t<div class=\"elementor-widget-container\">\n\t\t\t<style>\/*! elementor - v3.18.0 - 20-12-2023 *\/\n.elementor-widget-text-editor.elementor-drop-cap-view-stacked .elementor-drop-cap{background-color:#69727d;color:#fff}.elementor-widget-text-editor.elementor-drop-cap-view-framed .elementor-drop-cap{color:#69727d;border:3px solid;background-color:transparent}.elementor-widget-text-editor:not(.elementor-drop-cap-view-default) .elementor-drop-cap{margin-top:8px}.elementor-widget-text-editor:not(.elementor-drop-cap-view-default) .elementor-drop-cap-letter{width:1em;height:1em}.elementor-widget-text-editor .elementor-drop-cap{float:left;text-align:center;line-height:1;font-size:50px}.elementor-widget-text-editor .elementor-drop-cap-letter{display:inline-block}<\/style>\t\t\t\t<p><strong>Szyfrowanie<\/strong><\/p><p><span style=\"font-weight: 400;\">Aby zapewni\u0107 bezpieczn\u0105 wymian\u0119 danych pomi\u0119dzy serwerem, na kt\u00f3rym znajduje si\u0119 witryna, a osob\u0105 odwiedzaj\u0105c\u0105, stosujemy protok\u00f3\u0142 SSL.\u00a0Tworzy to szyfrowane po\u0142\u0105czenie mi\u0119dzy nimi, co zapobiega ich przechwyceniu przez z\u0142o\u015bliwych u\u017cytkownik\u00f3w.<\/span><\/p><p><b>Polityka gromadzenia danych osobowych<\/b><\/p><p><span style=\"font-weight: 400;\">Wysy\u0142aj\u0105c wiadomo\u015b\u0107 za pomoc\u0105 formularza kontaktowego serwisu lub innego formularza w nim zawartego, u\u017cytkownik musi poda\u0107 pewne dane osobowe, takie jak: Imi\u0119, Nazwisko, Telefon, adres e-mail itp.<\/span><\/p><p><span style=\"font-weight: 400;\">W niekt\u00f3rych przypadkach podanie danych osobowych mo\u017ce by\u0107 r\u00f3wnie\u017c wymagane w celu umo\u017cliwienia dost\u0119pu do okre\u015blonych \u015bwiadczonych us\u0142ug.<\/span><\/p><p><span style=\"font-weight: 400;\">Zgodnie z przepisami dotycz\u0105cymi przechowywania danych osobowych, \u017cadna z informacji podanych w powy\u017cszych przypadkach nie jest ujawniana osobom trzecim, nie jest w \u017caden spos\u00f3b publikowana ani nie stanowi przedmiotu wykorzystania.<\/span><\/p><p><span style=\"font-weight: 400;\">Je\u017celi informacje maj\u0105 by\u0107 zapisane w bazie danych serwisu, przed ich przes\u0142aniem b\u0119dziesz musia\u0142 zaakceptowa\u0107 polityk\u0119 prywatno\u015bci.<\/span><\/p><p><span style=\"font-weight: 400;\">Informacje te b\u0119d\u0105 wykorzystywane wy\u0142\u0105cznie w zakresie uznanym za niezb\u0119dny do:<\/span><\/p><ul><li style=\"font-weight: 400;\" aria-level=\"1\"><span style=\"font-weight: 400;\">wype\u0142nianie warunk\u00f3w i obowi\u0105zk\u00f3w ka\u017cdej wykorzystywanej us\u0142ugi \u015bwiadczonej u\u017cytkownikom<\/span><\/li><li style=\"font-weight: 400;\" aria-level=\"1\"><span style=\"font-weight: 400;\">wsparcie informacyjne u\u017cytkownik\u00f3w<\/span><\/li><li style=\"font-weight: 400;\" aria-level=\"1\"><span style=\"font-weight: 400;\">wyb\u00f3r tre\u015bci, kt\u00f3re b\u0119d\u0105 oferowane u\u017cytkownikom, a wi\u0119c b\u0119dzie on powi\u0105zany z ich og\u00f3lnymi preferencjami<\/span><\/li><li style=\"font-weight: 400;\" aria-level=\"1\"><span style=\"font-weight: 400;\">zaspokojenie ka\u017cdego \u017c\u0105dania u\u017cytkownika dotycz\u0105cego \u015bwiadczonych us\u0142ug<\/span><\/li><li style=\"font-weight: 400;\" aria-level=\"1\"><span style=\"font-weight: 400;\">informowanie u\u017cytkownik\u00f3w o nowych us\u0142ugach<\/span><\/li><li style=\"font-weight: 400;\" aria-level=\"1\"><span style=\"font-weight: 400;\">s\u0142u\u017c\u0105ce sprawnemu dzia\u0142aniu serwisu<\/span><\/li><li style=\"font-weight: 400;\" aria-level=\"1\"><span style=\"font-weight: 400;\">kontakt z osobami odwiedzaj\u0105cymi witryn\u0119<\/span><\/li><\/ul><p><span style=\"font-weight: 400;\">Jedynymi wyj\u0105tkami, w kt\u00f3rych dane osobowe u\u017cytkownik\u00f3w mog\u0105 by\u0107 udost\u0119pniane, s\u0105 nast\u0119puj\u0105ce:<\/span><\/p><ul><li style=\"font-weight: 400;\" aria-level=\"1\"><span style=\"font-weight: 400;\">Kiedy istnieje bezpo\u015brednia zgoda u\u017cytkownik\u00f3w na publikacj\u0119 potrzebnych w jakikolwiek spos\u00f3b ich danych osobowych<\/span><\/li><li style=\"font-weight: 400;\" aria-level=\"1\"><span style=\"font-weight: 400;\">Je\u017celi ujawnienie nast\u0119puje wsp\u00f3\u0142pracuj\u0105cym trzecim osobom fizycznym lub prawnym i tylko w zakresie niezb\u0119dnym do \u015bwiadczenia us\u0142ugi<\/span><\/li><li style=\"font-weight: 400;\" aria-level=\"1\"><span style=\"font-weight: 400;\">Je\u017celi jest to wymagane przez prawo, na mocy nakazu s\u0105dowego lub na \u017c\u0105danie jakiegokolwiek innego organu pa\u0144stwowego lub regulacyjnego<\/span><\/li><\/ul><p><b>Korekta \u2013 usuni\u0119cie danych osobowych<\/b><\/p><p><span style=\"font-weight: 400;\">U\u017cytkownicy maj\u0105 mo\u017cliwo\u015b\u0107 za\u017c\u0105dania usuni\u0119cia swoich danych osobowych z bazy serwisu poprzez wys\u0142anie wiadomo\u015bci e-mail lub wype\u0142nienie formularza kontaktowego.\u00a0W niekt\u00f3rych przypadkach istnieje mo\u017cliwo\u015b\u0107 wykonania tego samodzielnie.<\/span><\/p><p><b>Adresy IP<\/b><\/p><p><span style=\"font-weight: 400;\">Adres IP jest udost\u0119pniany przez dostawc\u0119 Internetu i wykorzystywany przez komputer u\u017cytkownika w celu uzyskania dost\u0119pu do Internetu, a tym samym do strony internetowej.<\/span><\/p><p><span style=\"font-weight: 400;\">W niekt\u00f3rych przypadkach adres IP jest przechowywany ze wzgl\u0119d\u00f3w technicznych i bezpiecze\u0144stwa, ale mo\u017ce tak\u017ce s\u0142u\u017cy\u0107 do zbierania danych do analiz statystycznych.<\/span><\/p><p><span style=\"font-weight: 400;\">W przypadku, gdy adres IP jest dost\u0119pny, mo\u017ce on zosta\u0107 udost\u0119pniony, na \u017c\u0105danie zgodnie z przewidzianymi przepisami prawa, w\u0142a\u015bciwym organom policyjnym, s\u0105dowym lub innym organom pa\u0144stwowym<\/span><\/p><p><b>Subskrypcja\/Usuwanie U\u017cytkownik\u00f3w<\/b><\/p><p><span style=\"font-weight: 400;\">Je\u017celi w serwisie jest w\u0142\u0105czona mo\u017cliwo\u015b\u0107 rejestracji u\u017cytkownika (np. e-sklep), zarejestrowany u\u017cytkownik ma mo\u017cliwo\u015b\u0107 skorzystania z opcji prowadzenia konta i jego usuni\u0119cia.<\/span><\/p><p><b>Naruszenie danych osobowych<\/b><\/p><p><span style=\"font-weight: 400;\">W przypadku, gdy nast\u0105pi naruszenie profilu u\u017cytkownika, dany u\u017cytkownik zostanie o tym poinformowany za pomoc\u0105 automatycznego systemu drog\u0105 e-mailow\u0105 w ci\u0105gu 72 godzin.<\/span><\/p><p><b>Dodatkowe informacje<\/b><\/p><p><span style=\"font-weight: 400;\">Je\u017celi masz wi\u0119cej pyta\u0144 dotycz\u0105cych polityki prywatno\u015bci serwisu, mo\u017cesz wys\u0142a\u0107 do nas e-mail lub wype\u0142ni\u0107 formularz kontaktowy.<\/span><\/p>\t\t\t\t\t\t<\/div>\n\t\t\t\t<\/div>\n\t\t\t\t\t<\/div>\n\t\t\t\t<\/div>\n\t\t\t\t\t\t\t<\/div>\n\t\t","protected":false},"excerpt":{"rendered":"<p>Polityka Prywatno\u015bci Szyfrowanie Aby zapewni\u0107 bezpieczn\u0105 wymian\u0119 danych pomi\u0119dzy serwerem, na kt\u00f3rym znajduje si\u0119 witryna, a osob\u0105 odwiedzaj\u0105c\u0105, stosujemy protok\u00f3\u0142 SSL.\u00a0Tworzy to szyfrowane po\u0142\u0105czenie mi\u0119dzy nimi, co zapobiega ich przechwyceniu przez z\u0142o\u015bliwych u\u017cytkownik\u00f3w. Polityka gromadzenia danych osobowych Wysy\u0142aj\u0105c wiadomo\u015b\u0107 za pomoc\u0105 formularza kontaktowego serwisu lub innego formularza w nim zawartego, u\u017cytkownik musi poda\u0107 pewne dane [&hellip;]<\/p>\n","protected":false},"author":1,"featured_media":0,"parent":0,"menu_order":0,"comment_status":"closed","ping_status":"closed","template":"","meta":{"site-sidebar-layout":"no-sidebar","site-content-layout":"page-builder","ast-site-content-layout":"full-width-container","site-content-style":"default","site-sidebar-style":"default","ast-global-header-display":"","ast-banner-title-visibility":"","ast-main-header-display":"","ast-hfb-above-header-display":"","ast-hfb-below-header-display":"","ast-hfb-mobile-header-display":"","site-post-title":"disabled","ast-breadcrumbs-content":"","ast-featured-img":"disabled","footer-sml-layout":"","theme-transparent-header-meta":"default","adv-header-id-meta":"","stick-header-meta":"","header-above-stick-meta":"","header-main-stick-meta":"","header-below-stick-meta":"","astra-migrate-meta-layouts":"set","ast-page-background-enabled":"default","ast-page-background-meta":{"desktop":{"background-color":"","background-image":"","background-repeat":"repeat","background-position":"center center","background-size":"auto","background-attachment":"scroll","background-type":"","background-media":"","overlay-type":"","overlay-color":"","overlay-gradient":""},"tablet":{"background-color":"","background-image":"","background-repeat":"repeat","background-position":"center center","background-size":"auto","background-attachment":"scroll","background-type":"","background-media":"","overlay-type":"","overlay-color":"","overlay-gradient":""},"mobile":{"background-color":"","background-image":"","background-repeat":"repeat","background-position":"center center","background-size":"auto","background-attachment":"scroll","background-type":"","background-media":"","overlay-type":"","overlay-color":"","overlay-gradient":""}},"ast-content-background-meta":{"desktop":{"background-color":"var(--ast-global-color-5)","background-image":"","background-repeat":"repeat","background-position":"center center","background-size":"auto","background-attachment":"scroll","background-type":"","background-media":"","overlay-type":"","overlay-color":"","overlay-gradient":""},"tablet":{"background-color":"var(--ast-global-color-5)","background-image":"","background-repeat":"repeat","background-position":"center center","background-size":"auto","background-attachment":"scroll","background-type":"","background-media":"","overlay-type":"","overlay-color":"","overlay-gradient":""},"mobile":{"background-color":"var(--ast-global-color-5)","background-image":"","background-repeat":"repeat","background-position":"center center","background-size":"auto","background-attachment":"scroll","background-type":"","background-media":"","overlay-type":"","overlay-color":"","overlay-gradient":""}},"footnotes":""},"_links":{"self":[{"href":"https:\/\/santorini-signature-tours.gr\/pl\/wp-json\/wp\/v2\/pages\/2178"}],"collection":[{"href":"https:\/\/santorini-signature-tours.gr\/pl\/wp-json\/wp\/v2\/pages"}],"about":[{"href":"https:\/\/santorini-signature-tours.gr\/pl\/wp-json\/wp\/v2\/types\/page"}],"author":[{"embeddable":true,"href":"https:\/\/santorini-signature-tours.gr\/pl\/wp-json\/wp\/v2\/users\/1"}],"replies":[{"embeddable":true,"href":"https:\/\/santorini-signature-tours.gr\/pl\/wp-json\/wp\/v2\/comments?post=2178"}],"version-history":[{"count":28,"href":"https:\/\/santorini-signature-tours.gr\/pl\/wp-json\/wp\/v2\/pages\/2178\/revisions"}],"predecessor-version":[{"id":2390,"href":"https:\/\/santorini-signature-tours.gr\/pl\/wp-json\/wp\/v2\/pages\/2178\/revisions\/2390"}],"wp:attachment":[{"href":"https:\/\/santorini-signature-tours.gr\/pl\/wp-json\/wp\/v2\/media?parent=2178"}],"curies":[{"name":"wp","href":"https:\/\/api.w.org\/{rel}","templated":true}]}}